{"id":3606,"date":"2024-11-04T23:29:48","date_gmt":"2024-11-04T20:29:48","guid":{"rendered":"https:\/\/mactubemakina.com.tr\/?post_type=product&#038;p=3606"},"modified":"2024-11-04T23:32:24","modified_gmt":"2024-11-04T20:32:24","slug":"volumetric-lineer-6-li-otomatik-dolum-kapatma-ve-etiketleme-makinasi","status":"publish","type":"product","link":"https:\/\/mactubemakina.com.tr\/?product=volumetric-lineer-6-li-otomatik-dolum-kapatma-ve-etiketleme-makinasi","title":{"rendered":"VOLUMETRIC L\u0130NEER 6 LI OTOMAT\u0130K DOLUM KAPATMA VE ET\u0130KETLEME MAK\u0130NASI"},"content":{"rendered":"<p>&#8211; Servo Kontrol \u0130le Dolum Ve Dozajlama.<br \/>\n&#8211; Servo Kontrol Nozul Sistemi ile Dipten Dolum \u00d6zelli\u011fi<br \/>\n&#8211; Smc Marka Japon Men\u015fei Pn\u00f6matik Sistemleri<br \/>\n&#8211; Sick Marka Alman Men\u015fei Makina Sens\u00f6rleri<br \/>\n&#8211; Delta Marka Taywan Men\u015feili Servo Sistemleri.<br \/>\n&#8211; Operat\u00f6r Panel 10 \u0130n\u00e7 Delta Marka Tounch Kontrol.<br \/>\n&#8211; Delta Marka Plc Kontrol Sistemi<br \/>\n&#8211; Dolum Kazan\u0131 Hacmi 300 Lt.<br \/>\n&#8211; S\u0131v\u0131 Seviye Sens\u00f6r\u00fc \u0130le Kazan Doluluk Kontrol\u00fc.<br \/>\n&#8211; 6 Adet S\u0131zd\u0131rma ve Sakallanma \u00d6nleyici \u00d6zel Dizayn \u0130talyan Nozullar.<br \/>\n&#8211; \u00dcr\u00fcn Temas Eden Y\u00fczeyler 316 Kalite Paslanmaz \u00c7eliktir.<br \/>\n&#8211; Makina \u015ease Aksam\u0131 304 Kalite Paslanmaz \u00c7eliktir.<br \/>\n&#8211; Makina A\u011f\u0131rl\u0131\u011f\u0131 1450 Kg.<br \/>\n&#8211; Hava Sarfiyat\u0131 450 Lt\/Dk.<br \/>\n&#8211; G\u00fcnl\u00fck \u00dcretim Kapasitesi Min. 15.000 &#8211; Max 25.000 Adettir.<br \/>\n&#8211; G\u00fc\u00e7 380 Volt<\/p>\n","protected":false},"excerpt":{"rendered":"<p>&#8211; Servo Kontrol \u0130le Dolum Ve Dozajlama. &#8211; Servo Kontrol Nozul Sistemi ile Dipten Dolum \u00d6zelli\u011fi &#8211; Smc Marka Japon Men\u015fei Pn\u00f6matik Sistemleri &#8211; Sick Marka Alman Men\u015fei Makina Sens\u00f6rleri &#8211; Delta Marka Taywan Men\u015feili Servo Sistemleri. &#8211; Operat\u00f6r Panel 10 \u0130n\u00e7 Delta Marka Tounch Kontrol. &#8211; Delta Marka Plc Kontrol Sistemi &#8211; Dolum Kazan\u0131<\/p>\n<div class=\"klb-readmore entry-button\"><a class=\"btn link\" href=\"https:\/\/mactubemakina.com.tr\/?product=volumetric-lineer-6-li-otomatik-dolum-kapatma-ve-etiketleme-makinasi\">Read More <i class=\"klbth-icon-right-arrow\"><\/i><\/a><\/div>\n","protected":false},"featured_media":3593,"comment_status":"open","ping_status":"closed","template":"","meta":[],"product_cat":[127],"product_tag":[],"class_list":{"0":"post-3606","1":"product","2":"type-product","3":"status-publish","4":"has-post-thumbnail","6":"product_cat-makina","8":"first","9":"instock","10":"shipping-taxable","11":"product-type-simple"},"aioseo_notices":[],"_links":{"self":[{"href":"https:\/\/mactubemakina.com.tr\/index.php?rest_route=\/wp\/v2\/product\/3606","targetHints":{"allow":["GET"]}}],"collection":[{"href":"https:\/\/mactubemakina.com.tr\/index.php?rest_route=\/wp\/v2\/product"}],"about":[{"href":"https:\/\/mactubemakina.com.tr\/index.php?rest_route=\/wp\/v2\/types\/product"}],"replies":[{"embeddable":true,"href":"https:\/\/mactubemakina.com.tr\/index.php?rest_route=%2Fwp%2Fv2%2Fcomments&post=3606"}],"wp:featuredmedia":[{"embeddable":true,"href":"https:\/\/mactubemakina.com.tr\/index.php?rest_route=\/wp\/v2\/media\/3593"}],"wp:attachment":[{"href":"https:\/\/mactubemakina.com.tr\/index.php?rest_route=%2Fwp%2Fv2%2Fmedia&parent=3606"}],"wp:term":[{"taxonomy":"product_cat","embeddable":true,"href":"https:\/\/mactubemakina.com.tr\/index.php?rest_route=%2Fwp%2Fv2%2Fproduct_cat&post=3606"},{"taxonomy":"product_tag","embeddable":true,"href":"https:\/\/mactubemakina.com.tr\/index.php?rest_route=%2Fwp%2Fv2%2Fproduct_tag&post=3606"}],"curies":[{"name":"wp","href":"https:\/\/api.w.org\/{rel}","templated":true}]}}