{"id":2947,"date":"2022-10-26T21:05:38","date_gmt":"2022-10-26T21:05:38","guid":{"rendered":"https:\/\/mactubemakina.com.tr\/?post_type=product&#038;p=2947"},"modified":"2024-11-04T23:09:26","modified_gmt":"2024-11-04T20:09:26","slug":"8-nozullu-dolum-makinasi","status":"publish","type":"product","link":"https:\/\/mactubemakina.com.tr\/?product=8-nozullu-dolum-makinasi","title":{"rendered":"VOLUMETRIC L\u0130NEER 5 L\u0130 YARI OTOMAT\u0130K DOLUM MAK\u0130NASI"},"content":{"rendered":"<p>&#8211; Servo Kontrol \u0130le Dolum Ve Dozajlama.<br \/>\n&#8211; Servo Kontrol Nozul Sistemi ile Dipten Dolum \u00d6zelli\u011fi<br \/>\n&#8211; Pn\u00f6matik Sistemleri Smc Marka Japon Men\u015fei<br \/>\n&#8211; Makina Sens\u00f6rleri Sick Marka Alman Men\u015fei<br \/>\n&#8211; Servolar Delta Marka Taywan Men\u015feilidir.<br \/>\n&#8211; G\u00fc\u00e7 380 Volt<br \/>\n&#8211; Delta Marka 10 in\u00e7 Tounch Kontrol Oparet\u00f6r Paneli<br \/>\n&#8211; Delta Marka Plc Kontrol Sistemi.<br \/>\n&#8211; Dolum Kazan\u0131 Hacmi 300 Lt.<br \/>\n&#8211; S\u0131v\u0131 Seviye Sens\u00f6r\u00fc \u0130le Kazan Doluluk Kontrol\u00fc.<br \/>\n&#8211; 5 Adet S\u0131zd\u0131rma ve Sakallanma \u00d6nleyici \u00d6zel Dizayn \u0130talyan Nozullar.<br \/>\n&#8211; \u00dcr\u00fcn Temas Eden Y\u00fczeyler 316 Kalite Paslanmaz \u00c7eliktir.<br \/>\n&#8211; Makina \u015ease Aksam\u0131 304 Kalite Paslanmaz \u00c7eliktir.<br \/>\n&#8211; Makina A\u011f\u0131rl\u0131\u011f\u0131 1600 Kg.<br \/>\n&#8211; Hava Sarfiyat\u0131 500 Lt\/Dk.<br \/>\n&#8211; G\u00fcnl\u00fck \u00dcretim Kapasitesi Min. 15.000 &#8211; Max 30.000 Adettir.<\/p>\n","protected":false},"excerpt":{"rendered":"<p>&#8211; Servo Kontrol \u0130le Dolum Ve Dozajlama. &#8211; Servo Kontrol Nozul Sistemi ile Dipten Dolum \u00d6zelli\u011fi &#8211; Pn\u00f6matik Sistemleri Smc Marka Japon Men\u015fei &#8211; Makina Sens\u00f6rleri Sick Marka Alman Men\u015fei &#8211; Servolar Delta Marka Taywan Men\u015feilidir. &#8211; G\u00fc\u00e7 380 Volt &#8211; Delta Marka 10 in\u00e7 Tounch Kontrol Oparet\u00f6r Paneli &#8211; Delta Marka Plc Kontrol Sistemi.<\/p>\n<div class=\"klb-readmore entry-button\"><a class=\"btn link\" href=\"https:\/\/mactubemakina.com.tr\/?product=8-nozullu-dolum-makinasi\">Read More <i class=\"klbth-icon-right-arrow\"><\/i><\/a><\/div>\n","protected":false},"featured_media":3587,"comment_status":"closed","ping_status":"closed","template":"","meta":[],"product_cat":[127],"product_tag":[150,149,132,131],"class_list":{"0":"post-2947","1":"product","2":"type-product","3":"status-publish","4":"has-post-thumbnail","6":"product_cat-makina","7":"product_tag-8-nozullu-dolum-makinasi","8":"product_tag-dolum-makinasi","9":"product_tag-mactube","10":"product_tag-makina","11":"product_shipping_class-2-day-delivery","13":"first","14":"instock","15":"featured","16":"shipping-taxable","17":"purchasable","18":"product-type-simple"},"aioseo_notices":[],"_links":{"self":[{"href":"https:\/\/mactubemakina.com.tr\/index.php?rest_route=\/wp\/v2\/product\/2947","targetHints":{"allow":["GET"]}}],"collection":[{"href":"https:\/\/mactubemakina.com.tr\/index.php?rest_route=\/wp\/v2\/product"}],"about":[{"href":"https:\/\/mactubemakina.com.tr\/index.php?rest_route=\/wp\/v2\/types\/product"}],"replies":[{"embeddable":true,"href":"https:\/\/mactubemakina.com.tr\/index.php?rest_route=%2Fwp%2Fv2%2Fcomments&post=2947"}],"wp:featuredmedia":[{"embeddable":true,"href":"https:\/\/mactubemakina.com.tr\/index.php?rest_route=\/wp\/v2\/media\/3587"}],"wp:attachment":[{"href":"https:\/\/mactubemakina.com.tr\/index.php?rest_route=%2Fwp%2Fv2%2Fmedia&parent=2947"}],"wp:term":[{"taxonomy":"product_cat","embeddable":true,"href":"https:\/\/mactubemakina.com.tr\/index.php?rest_route=%2Fwp%2Fv2%2Fproduct_cat&post=2947"},{"taxonomy":"product_tag","embeddable":true,"href":"https:\/\/mactubemakina.com.tr\/index.php?rest_route=%2Fwp%2Fv2%2Fproduct_tag&post=2947"}],"curies":[{"name":"wp","href":"https:\/\/api.w.org\/{rel}","templated":true}]}}