{"id":1953,"date":"2022-01-18T10:52:58","date_gmt":"2022-01-18T10:52:58","guid":{"rendered":"https:\/\/klbtheme.com\/furnob\/?page_id=1953"},"modified":"2024-11-04T20:41:35","modified_gmt":"2024-11-04T17:41:35","slug":"hakkimizda","status":"publish","type":"page","link":"https:\/\/mactubemakina.com.tr\/?page_id=1953","title":{"rendered":"Hakk\u0131m\u0131zda"},"content":{"rendered":"\t\t<div data-elementor-type=\"wp-page\" data-elementor-id=\"1953\" class=\"elementor elementor-1953\">\n\t\t\t\t\t\t<section class=\"elementor-section elementor-top-section elementor-element elementor-element-7471ee8 elementor-section-full_width elementor-section-height-default elementor-section-height-default\" data-id=\"7471ee8\" data-element_type=\"section\">\n\t\t\t\t\t\t<div class=\"elementor-container elementor-column-gap-no\">\n\t\t\t\t\t<div class=\"elementor-column elementor-col-100 elementor-top-column elementor-element elementor-element-3d979a4\" data-id=\"3d979a4\" data-element_type=\"column\">\n\t\t\t<div class=\"elementor-widget-wrap\">\n\t\t\t\t\t\t\t<\/div>\n\t\t<\/div>\n\t\t\t\t\t<\/div>\n\t\t<\/section>\n\t\t\t\t<section class=\"elementor-section elementor-top-section elementor-element elementor-element-49470cd elementor-section-boxed elementor-section-height-default elementor-section-height-default\" data-id=\"49470cd\" data-element_type=\"section\">\n\t\t\t\t\t\t<div class=\"elementor-container elementor-column-gap-extended\">\n\t\t\t\t\t<div class=\"elementor-column elementor-col-50 elementor-top-column elementor-element elementor-element-71c6d5f\" data-id=\"71c6d5f\" data-element_type=\"column\">\n\t\t\t<div class=\"elementor-widget-wrap elementor-element-populated\">\n\t\t\t\t\t\t<div class=\"elementor-element elementor-element-91a1155 elementor-widget elementor-widget-heading\" data-id=\"91a1155\" data-element_type=\"widget\" data-widget_type=\"heading.default\">\n\t\t\t\t<div class=\"elementor-widget-container\">\n\t\t\t<span class=\"elementor-heading-title elementor-size-default\">01<\/span>\t\t<\/div>\n\t\t\t\t<\/div>\n\t\t\t\t\t<\/div>\n\t\t<\/div>\n\t\t\t\t<div class=\"elementor-column elementor-col-50 elementor-top-column elementor-element elementor-element-51c7715\" data-id=\"51c7715\" data-element_type=\"column\">\n\t\t\t<div class=\"elementor-widget-wrap elementor-element-populated\">\n\t\t\t\t\t\t<div class=\"elementor-element elementor-element-e6d421b elementor-widget elementor-widget-heading\" data-id=\"e6d421b\" data-element_type=\"widget\" data-widget_type=\"heading.default\">\n\t\t\t\t<div class=\"elementor-widget-container\">\n\t\t\t<h5 class=\"elementor-heading-title elementor-size-default\">MACTUBE MAK\u0130NA<\/h5>\t\t<\/div>\n\t\t\t\t<\/div>\n\t\t\t\t<div class=\"elementor-element elementor-element-84d590c elementor-widget elementor-widget-heading\" data-id=\"84d590c\" data-element_type=\"widget\" data-widget_type=\"heading.default\">\n\t\t\t\t<div class=\"elementor-widget-container\">\n\t\t\t<h3 class=\"elementor-heading-title elementor-size-default\">HAKKIMIZDA<\/h3>\t\t<\/div>\n\t\t\t\t<\/div>\n\t\t\t\t\t<\/div>\n\t\t<\/div>\n\t\t\t\t\t<\/div>\n\t\t<\/section>\n\t\t\t\t<section class=\"elementor-section elementor-top-section elementor-element elementor-element-1a116b2 elementor-section-boxed elementor-section-height-default elementor-section-height-default\" data-id=\"1a116b2\" data-element_type=\"section\">\n\t\t\t\t\t\t<div class=\"elementor-container elementor-column-gap-extended\">\n\t\t\t\t\t<div class=\"elementor-column elementor-col-50 elementor-top-column elementor-element elementor-element-0937b0c elementor-hidden-tablet elementor-hidden-mobile\" data-id=\"0937b0c\" data-element_type=\"column\">\n\t\t\t<div class=\"elementor-widget-wrap\">\n\t\t\t\t\t\t\t<\/div>\n\t\t<\/div>\n\t\t\t\t<div class=\"elementor-column elementor-col-50 elementor-top-column elementor-element elementor-element-4435652\" data-id=\"4435652\" data-element_type=\"column\">\n\t\t\t<div class=\"elementor-widget-wrap elementor-element-populated\">\n\t\t\t\t\t\t<div class=\"elementor-element elementor-element-cba9209 elementor-widget elementor-widget-text-editor\" data-id=\"cba9209\" data-element_type=\"widget\" data-widget_type=\"text-editor.default\">\n\t\t\t\t<div class=\"elementor-widget-container\">\n\t\t\t\t\t\t\t<p>Mactube Makina olarak 2014 y\u0131l\u0131nda\u00a0<span style=\"font-family: var(--font-primary); font-size: var(--bs-body-font-size); letter-spacing: -0.03px; text-align: var(--bs-body-text-align);\">ticari faaliyetlerine ba\u015flayan firmam\u0131z,\u00a0<\/span><span style=\"font-family: var(--font-primary); font-size: var(--bs-body-font-size); letter-spacing: -0.03px; text-align: var(--bs-body-text-align);\">siz de\u011ferli i\u015f ortaklar\u0131m\u0131za 2015 y\u0131l\u0131nda\u00a0<\/span><span style=\"font-family: var(--font-primary); font-size: var(--bs-body-font-size); letter-spacing: -0.03px; text-align: var(--bs-body-text-align);\">\u00fcretim hizmeti vermeye ba\u015flam\u0131\u015ft\u0131r.\u00a0<\/span><span style=\"font-family: var(--font-primary); font-size: var(--bs-body-font-size); letter-spacing: -0.03px; text-align: var(--bs-body-text-align);\">Vizyonumuz kaliteli, yenilik\u00e7i ve\u00a0<\/span><span style=\"font-family: var(--font-primary); font-size: var(--bs-body-font-size); letter-spacing: -0.03px; text-align: var(--bs-body-text-align);\">\u00f6zelle\u015ftirilebilen \u00fcr\u00fcnler olu\u015fturan,\u00a0<\/span><span style=\"font-family: var(--font-primary); font-size: var(--bs-body-font-size); letter-spacing: -0.03px; text-align: var(--bs-body-text-align);\">T\u00fcrkiye\u2019nin lider firmas\u0131 olabilmenin\u00a0<\/span><span style=\"font-family: var(--font-primary); font-size: var(--bs-body-font-size); letter-spacing: -0.03px; text-align: var(--bs-body-text-align);\">yan\u0131 s\u0131ra t\u00fcm d\u00fcnyada dolum,\u00a0<\/span><span style=\"font-family: var(--font-primary); font-size: var(--bs-body-font-size); letter-spacing: -0.03px; text-align: var(--bs-body-text-align);\">ambalaj ve paketleme makineleri\u00a0<\/span><span style=\"font-family: var(--font-primary); font-size: var(--bs-body-font-size); letter-spacing: -0.03px; text-align: var(--bs-body-text-align);\">sekt\u00f6r\u00fcnde en be\u011fenilen ve tercih\u00a0<\/span><span style=\"font-family: var(--font-primary); font-size: var(--bs-body-font-size); letter-spacing: -0.03px; text-align: var(--bs-body-text-align);\">edilen \u00fcreticilerinden olmak.\u00a0<\/span><span style=\"font-family: var(--font-primary); font-size: var(--bs-body-font-size); letter-spacing: -0.03px; text-align: var(--bs-body-text-align);\">Misyonumuz do\u011fru kalite-fiyat\u00a0<\/span><span style=\"font-family: var(--font-primary); font-size: var(--bs-body-font-size); letter-spacing: -0.03px; text-align: var(--bs-body-text-align);\">oran\u0131n\u0131 sa\u011flayarak, yenilik\u00e7i \u00fcr\u00fcn\u00a0<\/span><span style=\"font-family: var(--font-primary); font-size: var(--bs-body-font-size); letter-spacing: -0.03px; text-align: var(--bs-body-text-align);\">ve hizmetler sunmak. Bu do\u011frultuda\u00a0<\/span><span style=\"font-family: var(--font-primary); font-size: var(--bs-body-font-size); letter-spacing: -0.03px; text-align: var(--bs-body-text-align);\">ba\u015fta kozmetik, g\u0131da, ila\u00e7, temizlik gibi\u00a0<\/span><span style=\"font-family: var(--font-primary); font-size: var(--bs-body-font-size); letter-spacing: -0.03px; text-align: var(--bs-body-text-align);\">bir\u00e7ok sekt\u00f6rde dolum, paketleme ve\u00a0<\/span><span style=\"font-family: var(--font-primary); font-size: var(--bs-body-font-size); letter-spacing: -0.03px; text-align: var(--bs-body-text-align);\">ambalaj makinalar\u0131 \u00fcretimi ger\u00e7ekle\u015ftirmekteyiz&#8230;\u00a0<\/span><span style=\"font-family: var(--font-primary); font-size: var(--bs-body-font-size); letter-spacing: -0.03px; text-align: var(--bs-body-text-align);\">Uzman Ar-ge kadromuz ile siz de\u011ferli\u00a0<\/span><span style=\"font-family: var(--font-primary); font-size: var(--bs-body-font-size); letter-spacing: -0.03px; text-align: var(--bs-body-text-align);\">i\u015f ortaklar\u0131m\u0131za hizmet vermekten\u00a0<\/span><span style=\"font-family: var(--font-primary); font-size: var(--bs-body-font-size); letter-spacing: -0.03px; text-align: var(--bs-body-text-align);\">k\u0131van\u00e7 duyar\u0131z.<\/span><\/p>\t\t\t\t\t\t<\/div>\n\t\t\t\t<\/div>\n\t\t\t\t<div class=\"elementor-element elementor-element-d30010c elementor-widget elementor-widget-image\" data-id=\"d30010c\" data-element_type=\"widget\" data-widget_type=\"image.default\">\n\t\t\t\t<div class=\"elementor-widget-container\">\n\t\t\t\t\t\t\t\t\t\t\t\t\t<img fetchpriority=\"high\" decoding=\"async\" width=\"960\" height=\"424\" src=\"https:\/\/mactubemakina.com.tr\/wp-content\/uploads\/2022\/10\/slm-1024x452.jpg\" class=\"attachment-large size-large wp-image-2839\" alt=\"\" srcset=\"https:\/\/mactubemakina.com.tr\/wp-content\/uploads\/2022\/10\/slm-1024x452.jpg 1024w, https:\/\/mactubemakina.com.tr\/wp-content\/uploads\/2022\/10\/slm-90x40.jpg 90w, https:\/\/mactubemakina.com.tr\/wp-content\/uploads\/2022\/10\/slm-450x199.jpg 450w, https:\/\/mactubemakina.com.tr\/wp-content\/uploads\/2022\/10\/slm-300x133.jpg 300w, https:\/\/mactubemakina.com.tr\/wp-content\/uploads\/2022\/10\/slm-768x339.jpg 768w, https:\/\/mactubemakina.com.tr\/wp-content\/uploads\/2022\/10\/slm-1536x678.jpg 1536w, https:\/\/mactubemakina.com.tr\/wp-content\/uploads\/2022\/10\/slm-64x28.jpg 64w, https:\/\/mactubemakina.com.tr\/wp-content\/uploads\/2022\/10\/slm.jpg 1920w\" sizes=\"(max-width: 960px) 100vw, 960px\" \/>\t\t\t\t\t\t\t\t\t\t\t\t\t<\/div>\n\t\t\t\t<\/div>\n\t\t\t\t\t<\/div>\n\t\t<\/div>\n\t\t\t\t\t<\/div>\n\t\t<\/section>\n\t\t\t\t<section class=\"elementor-section elementor-top-section elementor-element elementor-element-4795a42 elementor-section-boxed elementor-section-height-default elementor-section-height-default\" data-id=\"4795a42\" data-element_type=\"section\">\n\t\t\t\t\t\t<div class=\"elementor-container elementor-column-gap-extended\">\n\t\t\t\t\t<div class=\"elementor-column elementor-col-50 elementor-top-column elementor-element elementor-element-75cdc3e\" data-id=\"75cdc3e\" data-element_type=\"column\">\n\t\t\t<div class=\"elementor-widget-wrap elementor-element-populated\">\n\t\t\t\t\t\t<div class=\"elementor-element elementor-element-ab7c3b3 elementor-widget elementor-widget-heading\" data-id=\"ab7c3b3\" data-element_type=\"widget\" data-widget_type=\"heading.default\">\n\t\t\t\t<div class=\"elementor-widget-container\">\n\t\t\t<span class=\"elementor-heading-title elementor-size-default\">02<\/span>\t\t<\/div>\n\t\t\t\t<\/div>\n\t\t\t\t\t<\/div>\n\t\t<\/div>\n\t\t\t\t<div class=\"elementor-column elementor-col-50 elementor-top-column elementor-element elementor-element-d2c6181\" data-id=\"d2c6181\" data-element_type=\"column\">\n\t\t\t<div class=\"elementor-widget-wrap elementor-element-populated\">\n\t\t\t\t\t\t<div class=\"elementor-element elementor-element-4423a67 elementor-widget elementor-widget-heading\" data-id=\"4423a67\" data-element_type=\"widget\" data-widget_type=\"heading.default\">\n\t\t\t\t<div class=\"elementor-widget-container\">\n\t\t\t<h5 class=\"elementor-heading-title elementor-size-default\">MACTUBE MAK\u0130NA<\/h5>\t\t<\/div>\n\t\t\t\t<\/div>\n\t\t\t\t<div class=\"elementor-element elementor-element-745e77c elementor-widget elementor-widget-heading\" data-id=\"745e77c\" data-element_type=\"widget\" data-widget_type=\"heading.default\">\n\t\t\t\t<div class=\"elementor-widget-container\">\n\t\t\t<h3 class=\"elementor-heading-title elementor-size-default\">V\u0130ZYON &amp; M\u0130SYON<\/h3>\t\t<\/div>\n\t\t\t\t<\/div>\n\t\t\t\t<div class=\"elementor-element elementor-element-b7ac084 elementor-widget elementor-widget-image\" data-id=\"b7ac084\" data-element_type=\"widget\" data-widget_type=\"image.default\">\n\t\t\t\t<div class=\"elementor-widget-container\">\n\t\t\t\t\t\t\t\t\t\t\t\t\t<img decoding=\"async\" width=\"960\" height=\"424\" src=\"https:\/\/mactubemakina.com.tr\/wp-content\/uploads\/2022\/10\/mrb-1024x452.jpg\" class=\"attachment-large size-large wp-image-2838\" alt=\"\" srcset=\"https:\/\/mactubemakina.com.tr\/wp-content\/uploads\/2022\/10\/mrb-1024x452.jpg 1024w, https:\/\/mactubemakina.com.tr\/wp-content\/uploads\/2022\/10\/mrb-90x40.jpg 90w, https:\/\/mactubemakina.com.tr\/wp-content\/uploads\/2022\/10\/mrb-450x199.jpg 450w, https:\/\/mactubemakina.com.tr\/wp-content\/uploads\/2022\/10\/mrb-300x133.jpg 300w, https:\/\/mactubemakina.com.tr\/wp-content\/uploads\/2022\/10\/mrb-768x339.jpg 768w, https:\/\/mactubemakina.com.tr\/wp-content\/uploads\/2022\/10\/mrb-1536x678.jpg 1536w, https:\/\/mactubemakina.com.tr\/wp-content\/uploads\/2022\/10\/mrb-64x28.jpg 64w, https:\/\/mactubemakina.com.tr\/wp-content\/uploads\/2022\/10\/mrb.jpg 1920w\" sizes=\"(max-width: 960px) 100vw, 960px\" \/>\t\t\t\t\t\t\t\t\t\t\t\t\t<\/div>\n\t\t\t\t<\/div>\n\t\t\t\t<div class=\"elementor-element elementor-element-8aac5b7 elementor-widget elementor-widget-text-editor\" data-id=\"8aac5b7\" data-element_type=\"widget\" data-widget_type=\"text-editor.default\">\n\t\t\t\t<div class=\"elementor-widget-container\">\n\t\t\t\t\t\t\t<p>Vizyonumuz: M\u00fc\u015fteri beklentilerini; ileri teknolojileri ve geli\u015fmeleri s\u00fcrekli\u00a0<span style=\"font-family: var(--font-primary); font-size: var(--bs-body-font-size); letter-spacing: -0.03px; text-align: var(--bs-body-text-align);\">takip ederek, \u00fcr\u00fcn kalitemizi geli\u015ftirilmi\u015f \u00e7\u00f6z\u00fcmlerle kar\u015f\u0131layarak\u00a0<\/span><span style=\"font-family: var(--font-primary); font-size: var(--bs-body-font-size); letter-spacing: -0.03px; text-align: var(--bs-body-text-align);\">ve yapabilece\u011fimizin en iyisini yaparak sekt\u00f6r\u00fcm\u00fcz\u00fcn bir numaral\u0131\u00a0<\/span><span style=\"font-family: var(--font-primary); font-size: var(--bs-body-font-size); letter-spacing: -0.03px; text-align: var(--bs-body-text-align);\">\u00fcreticisi olma, uzun soluklu \u00e7al\u0131\u015fmalar\u0131m\u0131zla verimlili\u011fimizi,\u00a0<\/span><span style=\"font-family: var(--font-primary); font-size: var(--bs-body-font-size); letter-spacing: -0.03px; text-align: var(--bs-body-text-align);\">ciromuzu ve karl\u0131l\u0131\u011f\u0131m\u0131z\u0131 artt\u0131rarak T\u00fcrkiye\u2019 de ve uluslar aras\u0131\u00a0<\/span><span style=\"font-family: var(--font-primary); font-size: var(--bs-body-font-size); letter-spacing: -0.03px; text-align: var(--bs-body-text-align);\">platformda ba\u015far\u0131l\u0131, kal\u0131c\u0131 ve sekt\u00f6r\u00fcnde takdir edilen bir \u015firket\u00a0<\/span><span style=\"font-family: var(--font-primary); font-size: var(--bs-body-font-size); letter-spacing: -0.03px; text-align: var(--bs-body-text-align);\">olabilmektir.<\/span><\/p><p><span style=\"font-family: var(--font-primary); font-size: var(--bs-body-font-size); letter-spacing: -0.03px; text-align: var(--bs-body-text-align);\">Misyonumuz:\u00a0<\/span><span style=\"text-align: var(--bs-body-text-align);\">M\u00fc\u015fterilerimizin mevcut ve gelecekteki ihtiya\u00e7 ve beklentilerini,\u00a0<\/span><span style=\"font-family: var(--font-primary); font-size: var(--bs-body-font-size); letter-spacing: -0.03px; text-align: var(--bs-body-text-align);\">kaynaklar\u0131n en etkin kullan\u0131m\u0131 ile g\u00fcvenilir, fonksiyonel ve kaliteli\u00a0<\/span><span style=\"font-family: var(--font-primary); font-size: var(--bs-body-font-size); letter-spacing: -0.03px; text-align: var(--bs-body-text-align);\">\u00fcr\u00fcnlerimizle kar\u015f\u0131lamak. Kaliteli \u00fcr\u00fcnler \u00fcretip, s\u00fcrekli b\u00fcy\u00fcmeyi\u00a0<\/span><span style=\"font-family: var(--font-primary); font-size: var(--bs-body-font-size); letter-spacing: -0.03px; text-align: var(--bs-body-text-align);\">hedefleyen, toplumsal ve \u00e7evresel de\u011ferlerden \u00f6d\u00fcn vermeyen,\u00a0<\/span><span style=\"font-family: var(--font-primary); font-size: var(--bs-body-font-size); letter-spacing: -0.03px; text-align: var(--bs-body-text-align);\">verimli, karl\u0131 ve \u00fclkemize yararl\u0131 bir \u015firket olmak \u00c7al\u0131\u015fanlar\u0131m\u0131z,\u00a0<\/span><span style=\"font-family: var(--font-primary); font-size: var(--bs-body-font-size); letter-spacing: -0.03px; text-align: var(--bs-body-text-align);\">m\u00fc\u015fterilerimiz, \u00fcr\u00fcn ve hizmet tedarik\u00e7ilerimizle, tak\u0131m felsefesiyle\u00a0<\/span><span style=\"font-family: var(--font-primary); font-size: var(--bs-body-font-size); letter-spacing: -0.03px; text-align: var(--bs-body-text-align);\">profesyonelce \u00e7al\u0131\u015farak, g\u00fcvenli, huzurlu, \u015feffaf ve demokratik bir\u00a0<\/span><span style=\"font-family: var(--font-primary); font-size: var(--bs-body-font-size); letter-spacing: -0.03px; text-align: var(--bs-body-text-align);\">ortam yaratmak ve s\u00fcreklili\u011fini sa\u011flamak.<\/span><\/p>\t\t\t\t\t\t<\/div>\n\t\t\t\t<\/div>\n\t\t\t\t\t<\/div>\n\t\t<\/div>\n\t\t\t\t\t<\/div>\n\t\t<\/section>\n\t\t\t\t<section class=\"elementor-section elementor-top-section elementor-element elementor-element-f6ba557 elementor-section-boxed elementor-section-height-default elementor-section-height-default\" data-id=\"f6ba557\" data-element_type=\"section\">\n\t\t\t\t\t\t<div class=\"elementor-container elementor-column-gap-extended\">\n\t\t\t\t\t<div class=\"elementor-column elementor-col-100 elementor-top-column elementor-element elementor-element-64e258a\" data-id=\"64e258a\" data-element_type=\"column\">\n\t\t\t<div class=\"elementor-widget-wrap\">\n\t\t\t\t\t\t\t<\/div>\n\t\t<\/div>\n\t\t\t\t\t<\/div>\n\t\t<\/section>\n\t\t\t\t<\/div>\n\t\t","protected":false},"excerpt":{"rendered":"<p>01 MACTUBE MAK\u0130NA HAKKIMIZDA Mactube Makina olarak 2014 y\u0131l\u0131nda\u00a0ticari faaliyetlerine ba\u015flayan firmam\u0131z,\u00a0siz de\u011ferli i\u015f ortaklar\u0131m\u0131za 2015 y\u0131l\u0131nda\u00a0\u00fcretim hizmeti vermeye ba\u015flam\u0131\u015ft\u0131r.\u00a0Vizyonumuz kaliteli, yenilik\u00e7i ve\u00a0\u00f6zelle\u015ftirilebilen \u00fcr\u00fcnler olu\u015fturan,\u00a0T\u00fcrkiye\u2019nin lider firmas\u0131 olabilmenin\u00a0yan\u0131 s\u0131ra t\u00fcm d\u00fcnyada dolum,\u00a0ambalaj ve paketleme makineleri\u00a0sekt\u00f6r\u00fcnde en be\u011fenilen ve tercih\u00a0edilen \u00fcreticilerinden olmak.\u00a0Misyonumuz do\u011fru kalite-fiyat\u00a0oran\u0131n\u0131 sa\u011flayarak, yenilik\u00e7i \u00fcr\u00fcn\u00a0ve hizmetler sunmak. Bu do\u011frultuda\u00a0ba\u015fta kozmetik, g\u0131da, ila\u00e7, temizlik gibi\u00a0bir\u00e7ok<\/p>\n<div class=\"klb-readmore entry-button\"><a class=\"btn link\" href=\"https:\/\/mactubemakina.com.tr\/?page_id=1953\">Read More <i class=\"klbth-icon-right-arrow\"><\/i><\/a><\/div>\n","protected":false},"author":1,"featured_media":0,"parent":0,"menu_order":0,"comment_status":"closed","ping_status":"closed","template":"","meta":{"footnotes":""},"class_list":["post-1953","page","type-page","status-publish","hentry"],"aioseo_notices":[],"_links":{"self":[{"href":"https:\/\/mactubemakina.com.tr\/index.php?rest_route=\/wp\/v2\/pages\/1953","targetHints":{"allow":["GET"]}}],"collection":[{"href":"https:\/\/mactubemakina.com.tr\/index.php?rest_route=\/wp\/v2\/pages"}],"about":[{"href":"https:\/\/mactubemakina.com.tr\/index.php?rest_route=\/wp\/v2\/types\/page"}],"author":[{"embeddable":true,"href":"https:\/\/mactubemakina.com.tr\/index.php?rest_route=\/wp\/v2\/users\/1"}],"replies":[{"embeddable":true,"href":"https:\/\/mactubemakina.com.tr\/index.php?rest_route=%2Fwp%2Fv2%2Fcomments&post=1953"}],"version-history":[{"count":32,"href":"https:\/\/mactubemakina.com.tr\/index.php?rest_route=\/wp\/v2\/pages\/1953\/revisions"}],"predecessor-version":[{"id":3550,"href":"https:\/\/mactubemakina.com.tr\/index.php?rest_route=\/wp\/v2\/pages\/1953\/revisions\/3550"}],"wp:attachment":[{"href":"https:\/\/mactubemakina.com.tr\/index.php?rest_route=%2Fwp%2Fv2%2Fmedia&parent=1953"}],"curies":[{"name":"wp","href":"https:\/\/api.w.org\/{rel}","templated":true}]}}